{"id":16677,"date":"2019-05-14T18:19:54","date_gmt":"2019-05-14T21:19:54","guid":{"rendered":"https:\/\/www.vagasdf.com.br\/?page_id=16677"},"modified":"2025-06-07T13:59:15","modified_gmt":"2025-06-07T16:59:15","slug":"destacar-vaga","status":"publish","type":"page","link":"https:\/\/www.vagasdf.com.br\/index.php\/destacar-vaga\/","title":{"rendered":"Destacar Vaga"},"content":{"rendered":"<p style=\"text-align: justify;\">A publica\u00e7\u00e3o de vagas em destaque \u00e9 um servi\u00e7o opcional pago para quem deseja dar mais destaque ao seu an\u00fancio de vaga. Com o destaque sua vaga:<\/p>\n<ul>\n<li style=\"list-style-type: none;\">\n<ul>\n<li style=\"text-align: justify;\">A primeira publica\u00e7\u00e3o da vaga permanecer\u00e1 fixada no topo do site em todas as p\u00e1ginas com listagens ou resultados de pesquisas por 3 dias \u00fateis.<\/li>\n<li style=\"text-align: justify;\">O an\u00fancio da vaga \u00e9 repetido no site durante 3 dias \u00fateis, duas vezes por dia, sempre nos hor\u00e1rios de maior tr\u00e1fego de visitantes.<\/li>\n<\/ul>\n<\/li>\n<\/ul>\n<p style=\"text-align: justify;\">S\u00e1bados, domingos e feriados n\u00e3o s\u00e3o contabilizados na contagem do prazo de destaque mas a vaga poder\u00e1 vir a ser repostada tamb\u00e9m nos finais de semana como cortesia. Finalizado o per\u00edodo de destaque a \u00faltima postagem da vaga permanecer\u00e1 no site at\u00e9 que seja solicitada sua remo\u00e7\u00e3o, as demais s\u00e3o exclu\u00eddas para evitar conte\u00fado duplicado no site.<\/p>\n<p style=\"text-align: justify;\">O valor da taxa de destaque atualmente \u00e9 de R$ 21,00, este valor foi alterado pela \u00faltima vez em 06\/11\/2018. O pagamento deve ser feito atrav\u00e9s do PIX e a primeira publica\u00e7\u00e3o da vaga ocorrer\u00e1 menos de 24 horas ap\u00f3s a confirma\u00e7\u00e3o do pagamento.<\/p>\n<p><span style=\"color: #ff0000;\"><strong>N\u00e3o aceitamos mais pagamentos via PagSeguro.<\/strong><\/span><\/p>\n<p style=\"text-align: justify;\">Para destacar uma vaga voc\u00ea deve informar os dados da mesma usando o formul\u00e1rio abaixo. Se a vaga estiver de acordo com as <a href=\"https:\/\/www.vagasdf.com.br\/regras\/\">regras<\/a> do site n\u00f3s lhe enviamos um e-mail com as instru\u00e7\u00f5es de pagamento em menos de 24 horas \u00fateis.<\/p>\n\n<div class=\"wpcf7 no-js\" id=\"wpcf7-f24470-o1\" lang=\"pt-BR\" dir=\"ltr\" data-wpcf7-id=\"24470\">\n<div class=\"screen-reader-response\"><p role=\"status\" aria-live=\"polite\" aria-atomic=\"true\"><\/p> <ul><\/ul><\/div>\n<form action=\"\/index.php\/wp-json\/wp\/v2\/pages\/16677#wpcf7-f24470-o1\" method=\"post\" class=\"wpcf7-form init\" aria-label=\"Formul\u00e1rios de contato\" novalidate=\"novalidate\" data-status=\"init\">\n<fieldset class=\"hidden-fields-container\"><input type=\"hidden\" name=\"_wpcf7\" value=\"24470\" \/><input type=\"hidden\" name=\"_wpcf7_version\" value=\"6.1.5\" \/><input type=\"hidden\" name=\"_wpcf7_locale\" value=\"pt_BR\" \/><input type=\"hidden\" name=\"_wpcf7_unit_tag\" value=\"wpcf7-f24470-o1\" \/><input type=\"hidden\" name=\"_wpcf7_container_post\" value=\"0\" \/><input type=\"hidden\" name=\"_wpcf7_posted_data_hash\" value=\"\" \/><input type=\"hidden\" name=\"_wpcf7_recaptcha_response\" value=\"\" \/>\n<\/fieldset>\n<p>T\u00edtulo do an\u00fancio (campo obrigat\u00f3rio - sugerimos que use o cargo)\n<\/p>\n<p><span class=\"wpcf7-form-control-wrap\" data-name=\"titulo_anuncio\"><input size=\"40\" maxlength=\"400\" class=\"wpcf7-form-control wpcf7-text wpcf7-validates-as-required\" aria-required=\"true\" aria-invalid=\"false\" value=\"\" type=\"text\" name=\"titulo_anuncio\" \/><\/span>\n<\/p>\n<p>Cidade da vaga (esse campo \u00e9 obrigat\u00f3rio)\n<\/p>\n<p><span class=\"wpcf7-form-control-wrap\" data-name=\"cidade\"><input size=\"40\" maxlength=\"400\" class=\"wpcf7-form-control wpcf7-text wpcf7-validates-as-required cidade\" id=\"cidade\" aria-required=\"true\" aria-invalid=\"false\" value=\"\" type=\"text\" name=\"cidade\" \/><\/span> - DF\n<\/p>\n<p>Principais atribui\u00e7\u00f5es do cargo (esse campo \u00e9 opcional)\n<\/p>\n<p><span class=\"wpcf7-form-control-wrap\" data-name=\"atribuicoes\"><textarea cols=\"40\" rows=\"10\" maxlength=\"2000\" class=\"wpcf7-form-control wpcf7-textarea atribuicoes\" id=\"atribuicoes\" aria-invalid=\"false\" name=\"atribuicoes\"><\/textarea><\/span>\n<\/p>\n<p>Requisitos para o candidato (esse campo \u00e9 opcional)\n<\/p>\n<p><span class=\"wpcf7-form-control-wrap\" data-name=\"requisitos\"><textarea cols=\"40\" rows=\"10\" maxlength=\"2000\" class=\"wpcf7-form-control wpcf7-textarea requisitos\" id=\"requisitos\" aria-invalid=\"false\" name=\"requisitos\"><\/textarea><\/span>\n<\/p>\n<p>Jornada de trabalho (esse campo \u00e9 opcional)\n<\/p>\n<p><span class=\"wpcf7-form-control-wrap\" data-name=\"jornada\"><textarea cols=\"40\" rows=\"10\" maxlength=\"2000\" class=\"wpcf7-form-control wpcf7-textarea jornada\" id=\"jornada\" aria-invalid=\"false\" name=\"jornada\"><\/textarea><\/span>\n<\/p>\n<p>Sal\u00e1rio oferecido (esse campo \u00e9 opcional)\n<\/p>\n<p><span class=\"wpcf7-form-control-wrap\" data-name=\"salario\"><input size=\"40\" maxlength=\"400\" class=\"wpcf7-form-control wpcf7-text salario\" id=\"salario\" aria-invalid=\"false\" value=\"\" type=\"text\" name=\"salario\" \/><\/span>\n<\/p>\n<p>Benef\u00edcios oferecidos (esse campo \u00e9 opcional)\n<\/p>\n<p><span class=\"wpcf7-form-control-wrap\" data-name=\"beneficios\"><textarea cols=\"40\" rows=\"10\" maxlength=\"2000\" class=\"wpcf7-form-control wpcf7-textarea beneficios\" id=\"beneficios\" aria-invalid=\"false\" name=\"beneficios\"><\/textarea><\/span>\n<\/p>\n<p>Observa\u00e7\u00f5es (esse campo \u00e9 opcional)\n<\/p>\n<p><span class=\"wpcf7-form-control-wrap\" data-name=\"observacoes\"><input size=\"40\" maxlength=\"400\" class=\"wpcf7-form-control wpcf7-text observacoes\" id=\"observacoes\" aria-invalid=\"false\" value=\"\" type=\"text\" name=\"observacoes\" \/><\/span>\n<\/p>\n<p>E-mail para envio de curr\u00edculos (esse campo \u00e9 obrigat\u00f3rio)\n<\/p>\n<p><span class=\"wpcf7-form-control-wrap\" data-name=\"email_curriculo\"><input size=\"40\" maxlength=\"400\" class=\"wpcf7-form-control wpcf7-email wpcf7-validates-as-required wpcf7-text wpcf7-validates-as-email email_curriculo\" id=\"email_curriculo\" aria-required=\"true\" aria-invalid=\"false\" value=\"\" type=\"email\" name=\"email_curriculo\" \/><\/span>\n<\/p>\n<p align=justify><strong>Os dados a seguir n\u00e3o ser\u00e3o publicados no an\u00fancio, s\u00e3o para nosso cadastro interno.<\/strong>\n<\/p>\n<p>Nome completo do recrutador (esse campo \u00e9 obrigat\u00f3rio)\n<\/p>\n<p><span class=\"wpcf7-form-control-wrap\" data-name=\"nome_recrutador\"><input size=\"40\" maxlength=\"400\" class=\"wpcf7-form-control wpcf7-text wpcf7-validates-as-required nome_recrutador\" id=\"nome_recrutador\" aria-required=\"true\" aria-invalid=\"false\" value=\"\" type=\"text\" name=\"nome_recrutador\" \/><\/span>\n<\/p>\n<p>Nome da empresa recrutadora (obrigat\u00f3rio)\n<\/p>\n<p><span class=\"wpcf7-form-control-wrap\" data-name=\"nome_empresa\"><input size=\"40\" maxlength=\"400\" class=\"wpcf7-form-control wpcf7-text nome_empresa\" id=\"nome_empresa\" aria-invalid=\"false\" value=\"\" type=\"text\" name=\"nome_empresa\" \/><\/span>\n<\/p>\n<p>CNPJ (obrigat\u00f3rio)\n<\/p>\n<p><span style=\"color:red\">ser\u00e1 checado, se n\u00e3o corresponder \u00e0 empresa o an\u00fancio n\u00e3o ser\u00e1 publicado<\/span><br \/>\n<span class=\"wpcf7-form-control-wrap\" data-name=\"cnpj_cpf\"><input size=\"40\" maxlength=\"400\" class=\"wpcf7-form-control wpcf7-text wpcf7-validates-as-required cnpj_cpf\" id=\"cnpj_cpf\" aria-required=\"true\" aria-invalid=\"false\" value=\"\" type=\"text\" name=\"cnpj_cpf\" \/><\/span>\n<\/p>\n<p>Voc\u00ea prefere pagar o destaque via MercadoPago, PicPay ou PIX? (obrigat\u00f3rio)\n<\/p>\n<p><span class=\"wpcf7-form-control-wrap\" data-name=\"formapagamento\"><span class=\"wpcf7-form-control wpcf7-radio pagamento\" id=\"pagamento\"><span class=\"wpcf7-list-item first\"><label><span class=\"wpcf7-list-item-label\">PIX<\/span><input type=\"radio\" name=\"formapagamento\" value=\"PIX\" checked=\"checked\" \/><\/label><\/span><span class=\"wpcf7-list-item\"><label><span class=\"wpcf7-list-item-label\">PicPay<\/span><input type=\"radio\" name=\"formapagamento\" value=\"PicPay\" \/><\/label><\/span><span class=\"wpcf7-list-item last\"><label><span class=\"wpcf7-list-item-label\">MercadoPago<\/span><input type=\"radio\" name=\"formapagamento\" value=\"MercadoPago\" \/><\/label><\/span><\/span><\/span>\n<\/p>\n<p>E-mail para contato (obrigat\u00f3rio)\n<\/p>\n<p><span style=\"color:red\">n\u00e3o pode ser e-mail gratuito - se for a vaga ser\u00e1 descartada<\/span><br \/>\n<span class=\"wpcf7-form-control-wrap\" data-name=\"your-email\"><input size=\"40\" maxlength=\"400\" class=\"wpcf7-form-control wpcf7-email wpcf7-validates-as-required wpcf7-text wpcf7-validates-as-email\" aria-required=\"true\" aria-invalid=\"false\" value=\"\" type=\"email\" name=\"your-email\" \/><\/span>\n<\/p>\n<p><input class=\"wpcf7-form-control wpcf7-submit has-spinner\" type=\"submit\" value=\"Enviar\" \/>\n<\/p><div class=\"wpcf7-response-output\" aria-hidden=\"true\"><\/div>\n<\/form>\n<\/div>\n\n","protected":false},"excerpt":{"rendered":"<p>A publica\u00e7\u00e3o de vagas em destaque \u00e9 um servi\u00e7o opcional pago para quem deseja dar mais destaque ao seu an\u00fancio de vaga. Com o destaque [&#8230;]<\/p>\n","protected":false},"author":3,"featured_media":0,"parent":0,"menu_order":0,"comment_status":"closed","ping_status":"closed","template":"","meta":{"footnotes":""},"class_list":["post-16677","page","type-page","status-publish","hentry"],"yoast_head":"<!-- This site is optimized with the Yoast SEO plugin v27.5 - https:\/\/yoast.com\/product\/yoast-seo-wordpress\/ -->\n<title>Destacar Vaga - VagasDF<\/title>\n<meta name=\"robots\" content=\"index, follow, max-snippet:-1, max-image-preview:large, max-video-preview:-1\" \/>\n<link rel=\"canonical\" href=\"https:\/\/www.vagasdf.com.br\/index.php\/destacar-vaga\/\" \/>\n<meta property=\"og:locale\" content=\"pt_BR\" \/>\n<meta property=\"og:type\" content=\"article\" \/>\n<meta property=\"og:title\" content=\"Destacar Vaga - VagasDF\" \/>\n<meta property=\"og:description\" content=\"A publica\u00e7\u00e3o de vagas em destaque \u00e9 um servi\u00e7o opcional pago para quem deseja dar mais destaque ao seu an\u00fancio de vaga. Com o destaque [...]\" \/>\n<meta property=\"og:url\" content=\"https:\/\/www.vagasdf.com.br\/index.php\/destacar-vaga\/\" \/>\n<meta property=\"og:site_name\" content=\"VagasDF\" \/>\n<meta property=\"article:modified_time\" content=\"2025-06-07T16:59:15+00:00\" \/>\n<meta name=\"twitter:card\" content=\"summary_large_image\" \/>\n<meta name=\"twitter:label1\" content=\"Est. tempo de leitura\" \/>\n\t<meta name=\"twitter:data1\" content=\"2 minutos\" \/>\n<!-- \/ Yoast SEO plugin. -->","yoast_head_json":{"title":"Destacar Vaga - VagasDF","robots":{"index":"index","follow":"follow","max-snippet":"max-snippet:-1","max-image-preview":"max-image-preview:large","max-video-preview":"max-video-preview:-1"},"canonical":"https:\/\/www.vagasdf.com.br\/index.php\/destacar-vaga\/","og_locale":"pt_BR","og_type":"article","og_title":"Destacar Vaga - VagasDF","og_description":"A publica\u00e7\u00e3o de vagas em destaque \u00e9 um servi\u00e7o opcional pago para quem deseja dar mais destaque ao seu an\u00fancio de vaga. Com o destaque [...]","og_url":"https:\/\/www.vagasdf.com.br\/index.php\/destacar-vaga\/","og_site_name":"VagasDF","article_modified_time":"2025-06-07T16:59:15+00:00","twitter_card":"summary_large_image","twitter_misc":{"Est. tempo de leitura":"2 minutos"},"schema":{"@context":"https:\/\/schema.org","@graph":[{"@type":"WebPage","@id":"https:\/\/www.vagasdf.com.br\/index.php\/destacar-vaga\/","url":"https:\/\/www.vagasdf.com.br\/index.php\/destacar-vaga\/","name":"Destacar Vaga - VagasDF","isPartOf":{"@id":"https:\/\/www.vagasdf.com.br\/#website"},"datePublished":"2019-05-14T21:19:54+00:00","dateModified":"2025-06-07T16:59:15+00:00","breadcrumb":{"@id":"https:\/\/www.vagasdf.com.br\/index.php\/destacar-vaga\/#breadcrumb"},"inLanguage":"pt-BR","potentialAction":[{"@type":"ReadAction","target":["https:\/\/www.vagasdf.com.br\/index.php\/destacar-vaga\/"]}]},{"@type":"BreadcrumbList","@id":"https:\/\/www.vagasdf.com.br\/index.php\/destacar-vaga\/#breadcrumb","itemListElement":[{"@type":"ListItem","position":1,"name":"Home","item":"https:\/\/www.vagasdf.com.br\/"},{"@type":"ListItem","position":2,"name":"Destacar Vaga"}]},{"@type":"WebSite","@id":"https:\/\/www.vagasdf.com.br\/#website","url":"https:\/\/www.vagasdf.com.br\/","name":"VagasDF","description":"Vagas de Emprego e Est\u00e1gio no DF","publisher":{"@id":"https:\/\/www.vagasdf.com.br\/#organization"},"potentialAction":[{"@type":"SearchAction","target":{"@type":"EntryPoint","urlTemplate":"https:\/\/www.vagasdf.com.br\/?s={search_term_string}"},"query-input":{"@type":"PropertyValueSpecification","valueRequired":true,"valueName":"search_term_string"}}],"inLanguage":"pt-BR"},{"@type":"Organization","@id":"https:\/\/www.vagasdf.com.br\/#organization","name":"VagasDF","url":"https:\/\/www.vagasdf.com.br\/","logo":{"@type":"ImageObject","inLanguage":"pt-BR","@id":"https:\/\/www.vagasdf.com.br\/#\/schema\/logo\/image\/","url":"https:\/\/www.vagasdf.com.br\/wp-content\/uploads\/2025\/06\/cropped-vdf-logo-2021.jpg","contentUrl":"https:\/\/www.vagasdf.com.br\/wp-content\/uploads\/2025\/06\/cropped-vdf-logo-2021.jpg","width":350,"height":100,"caption":"VagasDF"},"image":{"@id":"https:\/\/www.vagasdf.com.br\/#\/schema\/logo\/image\/"}}]}},"_links":{"self":[{"href":"https:\/\/www.vagasdf.com.br\/index.php\/wp-json\/wp\/v2\/pages\/16677","targetHints":{"allow":["GET"]}}],"collection":[{"href":"https:\/\/www.vagasdf.com.br\/index.php\/wp-json\/wp\/v2\/pages"}],"about":[{"href":"https:\/\/www.vagasdf.com.br\/index.php\/wp-json\/wp\/v2\/types\/page"}],"author":[{"embeddable":true,"href":"https:\/\/www.vagasdf.com.br\/index.php\/wp-json\/wp\/v2\/users\/3"}],"replies":[{"embeddable":true,"href":"https:\/\/www.vagasdf.com.br\/index.php\/wp-json\/wp\/v2\/comments?post=16677"}],"version-history":[{"count":3,"href":"https:\/\/www.vagasdf.com.br\/index.php\/wp-json\/wp\/v2\/pages\/16677\/revisions"}],"predecessor-version":[{"id":40705,"href":"https:\/\/www.vagasdf.com.br\/index.php\/wp-json\/wp\/v2\/pages\/16677\/revisions\/40705"}],"wp:attachment":[{"href":"https:\/\/www.vagasdf.com.br\/index.php\/wp-json\/wp\/v2\/media?parent=16677"}],"curies":[{"name":"wp","href":"https:\/\/api.w.org\/{rel}","templated":true}]}}