{"id":20159,"date":"2020-08-05T19:05:29","date_gmt":"2020-08-05T22:05:29","guid":{"rendered":"https:\/\/www.vagasdf.com.br\/?page_id=20159"},"modified":"2020-08-05T19:05:29","modified_gmt":"2020-08-05T22:05:29","slug":"remover-vaga","status":"publish","type":"page","link":"https:\/\/www.vagasdf.com.br\/index.php\/remover-vaga\/","title":{"rendered":"Remover Vaga"},"content":{"rendered":"<p style=\"text-align: justify;\">Para solicitar o cancelamento da divulga\u00e7\u00e3o de uma vaga que voc\u00ea enviou basta usar o formul\u00e1rio abaixo e realizaremos o cancelamento em no m\u00e1ximo 48 horas \u00fateis.<\/p>\n<p style=\"text-align: justify;\">Conv\u00e9m esclarecer que por quest\u00f5es t\u00e9cnicas o an\u00fancio n\u00e3o \u00e9 literalmente removido, ele \u00e9 editado e as informa\u00e7\u00f5es para envio de curr\u00edculo s\u00e3o removidas, inserindo em seu lugar uma mensagem destacada informando que a vaga foi cancelada ou preenchida, conforme o caso.<\/p>\n<p style=\"text-align: justify;\">Em caso de emerg\u00eancia, como por exemplo uma vaga que precisa ser corrigida ou removida com urg\u00eancia, voc\u00ea pode contatar-nos pelo <a href=\"https:\/\/t.me\/oficialvagasbr\">Telegram<\/a>. Pedimos que use essa forma de contato <span style=\"color: #ff0000;\"><strong>apenas para emerg\u00eancias<\/strong><\/span> e n\u00e3o para a divulga\u00e7\u00e3o normal de vagas.<\/p>\n\n<div class=\"wpcf7 no-js\" id=\"wpcf7-f20158-o1\" lang=\"pt-BR\" dir=\"ltr\" data-wpcf7-id=\"20158\">\n<div class=\"screen-reader-response\"><p role=\"status\" aria-live=\"polite\" aria-atomic=\"true\"><\/p> <ul><\/ul><\/div>\n<form action=\"\/index.php\/wp-json\/wp\/v2\/pages\/20159#wpcf7-f20158-o1\" method=\"post\" class=\"wpcf7-form init\" aria-label=\"Formul\u00e1rios de contato\" novalidate=\"novalidate\" data-status=\"init\">\n<fieldset class=\"hidden-fields-container\"><input type=\"hidden\" name=\"_wpcf7\" value=\"20158\" \/><input type=\"hidden\" name=\"_wpcf7_version\" value=\"6.1.5\" \/><input type=\"hidden\" name=\"_wpcf7_locale\" value=\"pt_BR\" \/><input type=\"hidden\" name=\"_wpcf7_unit_tag\" value=\"wpcf7-f20158-o1\" \/><input type=\"hidden\" name=\"_wpcf7_container_post\" value=\"0\" \/><input type=\"hidden\" name=\"_wpcf7_posted_data_hash\" value=\"\" \/><input type=\"hidden\" name=\"_wpcf7_recaptcha_response\" value=\"\" \/>\n<\/fieldset>\n<p>T\u00edtulo da vaga que deseja remover (obrigat\u00f3rio)\n<\/p>\n<p><span class=\"wpcf7-form-control-wrap\" data-name=\"titulo_anuncio\"><input size=\"40\" maxlength=\"400\" class=\"wpcf7-form-control wpcf7-text wpcf7-validates-as-required\" aria-required=\"true\" aria-invalid=\"false\" value=\"\" type=\"text\" name=\"titulo_anuncio\" \/><\/span>\n<\/p>\n<p>E-mail informado para envio de curr\u00edculos (obrigat\u00f3rio)\n<\/p>\n<p><span class=\"wpcf7-form-control-wrap\" data-name=\"email_curriculo\"><input size=\"40\" maxlength=\"400\" class=\"wpcf7-form-control wpcf7-email wpcf7-validates-as-required wpcf7-text wpcf7-validates-as-email email_curriculo\" id=\"email_curriculo\" aria-required=\"true\" aria-invalid=\"false\" value=\"\" type=\"email\" name=\"email_curriculo\" \/><\/span>\n<\/p>\n<p>Nome da empresa recrutadora (obrigat\u00f3rio)\n<\/p>\n<p><span class=\"wpcf7-form-control-wrap\" data-name=\"nome_empresa\"><input size=\"40\" maxlength=\"400\" class=\"wpcf7-form-control wpcf7-text nome_empresa\" id=\"nome_empresa\" aria-invalid=\"false\" value=\"\" type=\"text\" name=\"nome_empresa\" \/><\/span>\n<\/p>\n<p>E-mail para contato fornecido ao cadastrar a vaga (obrigat\u00f3rio)\n<\/p>\n<p><span class=\"wpcf7-form-control-wrap\" data-name=\"your-email\"><input size=\"40\" maxlength=\"400\" class=\"wpcf7-form-control wpcf7-email wpcf7-validates-as-required wpcf7-text wpcf7-validates-as-email\" aria-required=\"true\" aria-invalid=\"false\" value=\"\" type=\"email\" name=\"your-email\" \/><\/span>\n<\/p>\n<p>Motivo da remo\u00e7\u00e3o\n<\/p>\n<p><span class=\"wpcf7-form-control-wrap\" data-name=\"motivo\"><span class=\"wpcf7-form-control wpcf7-radio\"><span class=\"wpcf7-list-item first\"><label><input type=\"radio\" name=\"motivo\" value=\"preenchida\" checked=\"checked\" \/><span class=\"wpcf7-list-item-label\">preenchida<\/span><\/label><\/span><span class=\"wpcf7-list-item\"><label><input type=\"radio\" name=\"motivo\" value=\"cancelada\" \/><span class=\"wpcf7-list-item-label\">cancelada<\/span><\/label><\/span><span class=\"wpcf7-list-item\"><label><input type=\"radio\" name=\"motivo\" value=\"j\u00e1 recebemos curr\u00edculos suficientes\" \/><span class=\"wpcf7-list-item-label\">j\u00e1 recebemos curr\u00edculos suficientes<\/span><\/label><\/span><span class=\"wpcf7-list-item last\"><label><input type=\"radio\" name=\"motivo\" value=\"a contrata\u00e7\u00e3o foi adiada\" \/><span class=\"wpcf7-list-item-label\">a contrata\u00e7\u00e3o foi adiada<\/span><\/label><\/span><\/span><\/span>\n<\/p>\n<p><input class=\"wpcf7-form-control wpcf7-submit has-spinner\" type=\"submit\" value=\"Enviar\" \/>\n<\/p><div class=\"wpcf7-response-output\" aria-hidden=\"true\"><\/div>\n<\/form>\n<\/div>\n\n","protected":false},"excerpt":{"rendered":"<p>Para solicitar o cancelamento da divulga\u00e7\u00e3o de uma vaga que voc\u00ea enviou basta usar o formul\u00e1rio abaixo e realizaremos o cancelamento em no m\u00e1ximo 48 [&#8230;]<\/p>\n","protected":false},"author":3,"featured_media":0,"parent":0,"menu_order":0,"comment_status":"closed","ping_status":"closed","template":"","meta":{"footnotes":""},"class_list":["post-20159","page","type-page","status-publish","hentry"],"yoast_head":"<!-- This site is optimized with the Yoast SEO plugin v27.5 - https:\/\/yoast.com\/product\/yoast-seo-wordpress\/ -->\n<title>Remover Vaga - VagasDF<\/title>\n<meta name=\"robots\" content=\"index, follow, max-snippet:-1, max-image-preview:large, max-video-preview:-1\" \/>\n<link rel=\"canonical\" href=\"https:\/\/www.vagasdf.com.br\/index.php\/remover-vaga\/\" \/>\n<meta property=\"og:locale\" content=\"pt_BR\" \/>\n<meta property=\"og:type\" content=\"article\" \/>\n<meta property=\"og:title\" content=\"Remover Vaga - VagasDF\" \/>\n<meta property=\"og:description\" content=\"Para solicitar o cancelamento da divulga\u00e7\u00e3o de uma vaga que voc\u00ea enviou basta usar o formul\u00e1rio abaixo e realizaremos o cancelamento em no m\u00e1ximo 48 [...]\" \/>\n<meta property=\"og:url\" content=\"https:\/\/www.vagasdf.com.br\/index.php\/remover-vaga\/\" \/>\n<meta property=\"og:site_name\" content=\"VagasDF\" \/>\n<meta name=\"twitter:card\" content=\"summary_large_image\" \/>\n<meta name=\"twitter:label1\" content=\"Est. tempo de leitura\" \/>\n\t<meta name=\"twitter:data1\" content=\"1 minuto\" \/>\n<!-- \/ Yoast SEO plugin. -->","yoast_head_json":{"title":"Remover Vaga - VagasDF","robots":{"index":"index","follow":"follow","max-snippet":"max-snippet:-1","max-image-preview":"max-image-preview:large","max-video-preview":"max-video-preview:-1"},"canonical":"https:\/\/www.vagasdf.com.br\/index.php\/remover-vaga\/","og_locale":"pt_BR","og_type":"article","og_title":"Remover Vaga - VagasDF","og_description":"Para solicitar o cancelamento da divulga\u00e7\u00e3o de uma vaga que voc\u00ea enviou basta usar o formul\u00e1rio abaixo e realizaremos o cancelamento em no m\u00e1ximo 48 [...]","og_url":"https:\/\/www.vagasdf.com.br\/index.php\/remover-vaga\/","og_site_name":"VagasDF","twitter_card":"summary_large_image","twitter_misc":{"Est. tempo de leitura":"1 minuto"},"schema":{"@context":"https:\/\/schema.org","@graph":[{"@type":"WebPage","@id":"https:\/\/www.vagasdf.com.br\/index.php\/remover-vaga\/","url":"https:\/\/www.vagasdf.com.br\/index.php\/remover-vaga\/","name":"Remover Vaga - VagasDF","isPartOf":{"@id":"https:\/\/www.vagasdf.com.br\/#website"},"datePublished":"2020-08-05T22:05:29+00:00","breadcrumb":{"@id":"https:\/\/www.vagasdf.com.br\/index.php\/remover-vaga\/#breadcrumb"},"inLanguage":"pt-BR","potentialAction":[{"@type":"ReadAction","target":["https:\/\/www.vagasdf.com.br\/index.php\/remover-vaga\/"]}]},{"@type":"BreadcrumbList","@id":"https:\/\/www.vagasdf.com.br\/index.php\/remover-vaga\/#breadcrumb","itemListElement":[{"@type":"ListItem","position":1,"name":"Home","item":"https:\/\/www.vagasdf.com.br\/"},{"@type":"ListItem","position":2,"name":"Remover Vaga"}]},{"@type":"WebSite","@id":"https:\/\/www.vagasdf.com.br\/#website","url":"https:\/\/www.vagasdf.com.br\/","name":"VagasDF","description":"Vagas de Emprego e Est\u00e1gio no DF","publisher":{"@id":"https:\/\/www.vagasdf.com.br\/#organization"},"potentialAction":[{"@type":"SearchAction","target":{"@type":"EntryPoint","urlTemplate":"https:\/\/www.vagasdf.com.br\/?s={search_term_string}"},"query-input":{"@type":"PropertyValueSpecification","valueRequired":true,"valueName":"search_term_string"}}],"inLanguage":"pt-BR"},{"@type":"Organization","@id":"https:\/\/www.vagasdf.com.br\/#organization","name":"VagasDF","url":"https:\/\/www.vagasdf.com.br\/","logo":{"@type":"ImageObject","inLanguage":"pt-BR","@id":"https:\/\/www.vagasdf.com.br\/#\/schema\/logo\/image\/","url":"https:\/\/www.vagasdf.com.br\/wp-content\/uploads\/2025\/06\/cropped-vdf-logo-2021.jpg","contentUrl":"https:\/\/www.vagasdf.com.br\/wp-content\/uploads\/2025\/06\/cropped-vdf-logo-2021.jpg","width":350,"height":100,"caption":"VagasDF"},"image":{"@id":"https:\/\/www.vagasdf.com.br\/#\/schema\/logo\/image\/"}}]}},"_links":{"self":[{"href":"https:\/\/www.vagasdf.com.br\/index.php\/wp-json\/wp\/v2\/pages\/20159","targetHints":{"allow":["GET"]}}],"collection":[{"href":"https:\/\/www.vagasdf.com.br\/index.php\/wp-json\/wp\/v2\/pages"}],"about":[{"href":"https:\/\/www.vagasdf.com.br\/index.php\/wp-json\/wp\/v2\/types\/page"}],"author":[{"embeddable":true,"href":"https:\/\/www.vagasdf.com.br\/index.php\/wp-json\/wp\/v2\/users\/3"}],"replies":[{"embeddable":true,"href":"https:\/\/www.vagasdf.com.br\/index.php\/wp-json\/wp\/v2\/comments?post=20159"}],"version-history":[{"count":0,"href":"https:\/\/www.vagasdf.com.br\/index.php\/wp-json\/wp\/v2\/pages\/20159\/revisions"}],"wp:attachment":[{"href":"https:\/\/www.vagasdf.com.br\/index.php\/wp-json\/wp\/v2\/media?parent=20159"}],"curies":[{"name":"wp","href":"https:\/\/api.w.org\/{rel}","templated":true}]}}